{"id":448,"date":"2015-11-19T10:40:52","date_gmt":"2015-11-19T09:40:52","guid":{"rendered":"https:\/\/gagadumi.com\/muj-ucet\/"},"modified":"2025-08-26T12:05:54","modified_gmt":"2025-08-26T10:05:54","slug":"muj-ucet","status":"publish","type":"page","link":"https:\/\/gagadumi.com\/cs\/muj-ucet\/","title":{"rendered":"M\u016fj \u00fa\u010det"},"content":{"rendered":"<div class=\"woocommerce\"><\/div>\n","protected":false},"excerpt":{"rendered":"","protected":false},"author":1,"featured_media":0,"parent":0,"menu_order":0,"comment_status":"closed","ping_status":"closed","template":"","meta":{"footnotes":""},"class_list":["post-448","page","type-page","status-publish","hentry"],"jetpack_sharing_enabled":true,"_links":{"self":[{"href":"https:\/\/gagadumi.com\/cs\/wp-json\/wp\/v2\/pages\/448","targetHints":{"allow":["GET"]}}],"collection":[{"href":"https:\/\/gagadumi.com\/cs\/wp-json\/wp\/v2\/pages"}],"about":[{"href":"https:\/\/gagadumi.com\/cs\/wp-json\/wp\/v2\/types\/page"}],"author":[{"embeddable":true,"href":"https:\/\/gagadumi.com\/cs\/wp-json\/wp\/v2\/users\/1"}],"replies":[{"embeddable":true,"href":"https:\/\/gagadumi.com\/cs\/wp-json\/wp\/v2\/comments?post=448"}],"version-history":[{"count":0,"href":"https:\/\/gagadumi.com\/cs\/wp-json\/wp\/v2\/pages\/448\/revisions"}],"wp:attachment":[{"href":"https:\/\/gagadumi.com\/cs\/wp-json\/wp\/v2\/media?parent=448"}],"curies":[{"name":"wp","href":"https:\/\/api.w.org\/{rel}","templated":true}]}}