{"id":998,"date":"2016-06-15T22:08:43","date_gmt":"2016-06-15T20:08:43","guid":{"rendered":"https:\/\/gagadumi.com\/video-button\/"},"modified":"2025-08-26T12:37:13","modified_gmt":"2025-08-26T10:37:13","slug":"video-button","status":"publish","type":"page","link":"https:\/\/gagadumi.com\/de\/video-button\/","title":{"rendered":"Video-Button"},"content":{"rendered":"\n  <div class=\"banner has-hover\" id=\"banner-1784567838\">\n          <div class=\"banner-inner fill\">\n        <div class=\"banner-bg fill\" >\n            <img loading=\"lazy\" decoding=\"async\" width=\"1000\" height=\"650\" src=\"https:\/\/gagadumi.com\/wp-content\/uploads\/2016\/08\/dummy-2-1.jpg\" class=\"bg attachment-large size-large\" alt=\"\" \/>                                    \n                    <\/div>\n\t\t\n        <div class=\"banner-layers container\">\n            <div class=\"fill banner-link\"><\/div>            \n   <div id=\"text-box-1240632703\" class=\"text-box banner-layer x50 md-x50 lg-x50 y50 md-y50 lg-y50 res-text\">\n                                <div class=\"text-box-content text dark\">\n              \n              <div class=\"text-inner text-center\">\n                  \n<h3 class=\"uppercase\"><strong>Video-Button<\/strong><\/h3>\n<p class=\"lead\">F\u00fcgen Sie einen Video-Button hinzu, der YouTube- und Viemo-Videos \u00fcberall \u00f6ffnet.<\/p>\n<div class=\"video-button-wrapper\" style=\"font-size:118%\"><a href=\"https:\/\/www.youtube.com\/watch?v=f3Hh_qSkpaA\" class=\"button open-video icon circle is-outline is-xlarge\"><i class=\"icon-play\" style=\"font-size:1.5em;\" ><\/i><\/a><\/div>\n              <\/div>\n           <\/div>\n                            \n<style>\n#text-box-1240632703 {\n  width: 60%;\n}\n#text-box-1240632703 .text-box-content {\n  font-size: 100%;\n}\n<\/style>\n    <\/div>\n \n        <\/div>\n      <\/div>\n\n            \n<style>\n#banner-1784567838 {\n  padding-top: 450px;\n}\n<\/style>\n  <\/div>\n\n\n<div class=\"row\"  id=\"row-843173260\">\n\n\t<div id=\"col-1556769635\" class=\"col medium-4 small-12 large-4\"  >\n\t\t\t\t<div class=\"col-inner box-shadow-2 box-shadow-4-hover\"  >\n\t\t\t\n\t\t\t\n\n  <div class=\"banner has-hover\" id=\"banner-1059970073\">\n          <div class=\"banner-inner fill\">\n        <div class=\"banner-bg fill\" >\n            <img loading=\"lazy\" decoding=\"async\" width=\"300\" height=\"195\" src=\"https:\/\/gagadumi.com\/wp-content\/uploads\/2016\/08\/dummy-2-1-300x195.jpg\" class=\"bg attachment-medium size-medium\" alt=\"\" \/>                        <div class=\"overlay\"><\/div>            \n                    <\/div>\n\t\t\n        <div class=\"banner-layers container\">\n            <div class=\"fill banner-link\"><\/div>            \n   <div id=\"text-box-1577603599\" class=\"text-box banner-layer x50 md-x50 lg-x50 y50 md-y50 lg-y50 res-text\">\n                                <div class=\"text-box-content text dark\">\n              \n              <div class=\"text-inner text-center\">\n                  \n<h3 class=\"uppercase\"><strong>Video-Button<\/strong><\/h3>\n<p class=\"lead\">F\u00fcgen Sie einen Video-Button hinzu, der YouTube- und Viemo-Videos \u00fcberall \u00f6ffnet.<\/p>\n<div class=\"video-button-wrapper\" ><a href=\"https:\/\/www.youtube.com\/watch?v=f3Hh_qSkpaA\" class=\"button open-video icon circle is-outline is-xlarge\"><i class=\"icon-play\" style=\"font-size:1.5em;\" ><\/i><\/a><\/div>\n              <\/div>\n           <\/div>\n                            \n<style>\n#text-box-1577603599 {\n  width: 60%;\n}\n#text-box-1577603599 .text-box-content {\n  font-size: 100%;\n}\n<\/style>\n    <\/div>\n \n        <\/div>\n      <\/div>\n\n            \n<style>\n#banner-1059970073 {\n  padding-top: 450px;\n}\n#banner-1059970073 .overlay {\n  background-color: rgba(0, 0, 0, 0.52);\n}\n<\/style>\n  <\/div>\n\n\n\t\t<\/div>\n\t\t\t\t\t<\/div>\n\n\t\n\n\t<div id=\"col-923423625\" class=\"col medium-4 small-12 large-4\"  >\n\t\t\t\t<div class=\"col-inner box-shadow-2 box-shadow-4-hover\"  >\n\t\t\t\n\t\t\t\n\n  <div class=\"banner has-hover\" id=\"banner-2140236995\">\n          <div class=\"banner-inner fill\">\n        <div class=\"banner-bg fill\" >\n            <img loading=\"lazy\" decoding=\"async\" width=\"1000\" height=\"650\" src=\"https:\/\/gagadumi.com\/wp-content\/uploads\/2016\/08\/dummy-2-1.jpg\" class=\"bg attachment-large size-large\" alt=\"\" \/>                                    \n                    <\/div>\n\t\t\n        <div class=\"banner-layers container\">\n            <div class=\"fill banner-link\"><\/div>            \n   <div id=\"text-box-1586222821\" class=\"text-box banner-layer x10 md-x10 lg-x10 y10 md-y10 lg-y10 res-text\">\n                                <div class=\"text-box-content text \">\n              \n              <div class=\"text-inner text-left\">\n                  \n<h3 class=\"uppercase\"><strong>Gr\u00f6\u00dfe \u00e4ndern<\/strong><\/h3>\n<p class=\"lead\">Sie k\u00f6nnen die Gr\u00f6\u00dfe beliebig \u00e4ndern<\/p>\n<div class=\"video-button-wrapper\" style=\"font-size:202%\"><a href=\"https:\/\/www.youtube.com\/watch?v=f3Hh_qSkpaA\" class=\"button open-video icon circle is-outline is-xlarge\"><i class=\"icon-play\" style=\"font-size:1.5em;\" ><\/i><\/a><\/div>\n              <\/div>\n           <\/div>\n                            \n<style>\n#text-box-1586222821 {\n  width: 60%;\n}\n#text-box-1586222821 .text-box-content {\n  font-size: 100%;\n}\n<\/style>\n    <\/div>\n \n        <\/div>\n      <\/div>\n\n            \n<style>\n#banner-2140236995 {\n  padding-top: 450px;\n}\n<\/style>\n  <\/div>\n\n\n\t\t<\/div>\n\t\t\t\t\t<\/div>\n\n\t\n\n\t<div id=\"col-1433396192\" class=\"col medium-4 small-12 large-4\"  >\n\t\t\t\t<div class=\"col-inner box-shadow-2 box-shadow-4-hover\"  >\n\t\t\t\n\t\t\t\n\n  <div class=\"banner has-hover bg-overlay-add\" id=\"banner-925778020\">\n          <div class=\"banner-inner fill\">\n        <div class=\"banner-bg fill\" >\n            <img loading=\"lazy\" decoding=\"async\" width=\"1000\" height=\"650\" src=\"https:\/\/gagadumi.com\/wp-content\/uploads\/2016\/08\/dummy-2-1.jpg\" class=\"bg attachment-large size-large\" alt=\"\" \/>                        <div class=\"overlay\"><\/div>            \n                    <\/div>\n\t\t\n        <div class=\"banner-layers container\">\n            <div class=\"fill banner-link\"><\/div>            \n   <div id=\"text-box-104616626\" class=\"text-box banner-layer x50 md-x50 lg-x50 y50 md-y50 lg-y50 res-text\">\n       <div class=\"hover-zoom-in\">                         <div class=\"text-box-content text dark\">\n              \n              <div class=\"text-inner text-center\">\n                  \n<h3 class=\"uppercase\"><strong>Bei Hover anzeigen<\/strong><\/h3>\n<p class=\"lead\">W\u00e4hlen Sie zwischen verschiedenen Hover-Effekten<\/p>\n<div class=\"video-button-wrapper\" ><a href=\"https:\/\/www.youtube.com\/watch?v=f3Hh_qSkpaA\" class=\"button open-video icon circle is-outline is-xlarge\"><i class=\"icon-play\" style=\"font-size:1.5em;\" ><\/i><\/a><\/div>\n              <\/div>\n           <\/div>\n                     <\/div>       \n<style>\n#text-box-104616626 {\n  width: 60%;\n}\n#text-box-104616626 .text-box-content {\n  font-size: 100%;\n}\n<\/style>\n    <\/div>\n \n        <\/div>\n      <\/div>\n\n            \n<style>\n#banner-925778020 {\n  padding-top: 450px;\n}\n#banner-925778020 .overlay {\n  background-color: rgba(0, 0, 0, 0.45);\n}\n<\/style>\n  <\/div>\n\n\n\t\t<\/div>\n\t\t\t\t\t<\/div>\n\n\t\n<\/div>\n","protected":false},"excerpt":{"rendered":"","protected":false},"author":1,"featured_media":509,"parent":0,"menu_order":12,"comment_status":"closed","ping_status":"closed","template":"page-blank.php","meta":{"footnotes":""},"class_list":["post-998","page","type-page","status-publish","has-post-thumbnail","hentry"],"jetpack_sharing_enabled":true,"_links":{"self":[{"href":"https:\/\/gagadumi.com\/de\/wp-json\/wp\/v2\/pages\/998","targetHints":{"allow":["GET"]}}],"collection":[{"href":"https:\/\/gagadumi.com\/de\/wp-json\/wp\/v2\/pages"}],"about":[{"href":"https:\/\/gagadumi.com\/de\/wp-json\/wp\/v2\/types\/page"}],"author":[{"embeddable":true,"href":"https:\/\/gagadumi.com\/de\/wp-json\/wp\/v2\/users\/1"}],"replies":[{"embeddable":true,"href":"https:\/\/gagadumi.com\/de\/wp-json\/wp\/v2\/comments?post=998"}],"version-history":[{"count":2,"href":"https:\/\/gagadumi.com\/de\/wp-json\/wp\/v2\/pages\/998\/revisions"}],"predecessor-version":[{"id":1000,"href":"https:\/\/gagadumi.com\/de\/wp-json\/wp\/v2\/pages\/998\/revisions\/1000"}],"wp:featuredmedia":[{"embeddable":true,"href":"https:\/\/gagadumi.com\/de\/wp-json\/wp\/v2\/media\/509"}],"wp:attachment":[{"href":"https:\/\/gagadumi.com\/de\/wp-json\/wp\/v2\/media?parent=998"}],"curies":[{"name":"wp","href":"https:\/\/api.w.org\/{rel}","templated":true}]}}