{"id":1257,"date":"2016-06-15T22:08:43","date_gmt":"2016-06-15T20:08:43","guid":{"rendered":"https:\/\/gagadumi.com\/przycisk-wideo\/"},"modified":"2025-08-26T13:42:58","modified_gmt":"2025-08-26T11:42:58","slug":"przycisk-wideo","status":"publish","type":"page","link":"https:\/\/gagadumi.com\/pl\/przycisk-wideo\/","title":{"rendered":"Przycisk wideo"},"content":{"rendered":"\n  <div class=\"banner has-hover\" id=\"banner-262535207\">\n          <div class=\"banner-inner fill\">\n        <div class=\"banner-bg fill\" >\n            <img loading=\"lazy\" decoding=\"async\" width=\"1000\" height=\"650\" src=\"https:\/\/gagadumi.com\/wp-content\/uploads\/2016\/08\/dummy-2-1.jpg\" class=\"bg attachment-large size-large\" alt=\"\" \/>                                    \n                    <\/div>\n\t\t\n        <div class=\"banner-layers container\">\n            <div class=\"fill banner-link\"><\/div>            \n   <div id=\"text-box-115076265\" class=\"text-box banner-layer x50 md-x50 lg-x50 y50 md-y50 lg-y50 res-text\">\n                                <div class=\"text-box-content text dark\">\n              \n              <div class=\"text-inner text-center\">\n                  \n<h3 class=\"uppercase\"><strong>Przycisk wideo<\/strong><\/h3>\n<p class=\"lead\">Dodaj przycisk wideo, kt\u00f3ry otwiera filmy z YouTube i Vimeo w dowolnym miejscu.<\/p>\n<div class=\"video-button-wrapper\" style=\"font-size:118%\"><a href=\"https:\/\/www.youtube.com\/watch?v=f3Hh_qSkpaA\" class=\"button open-video icon circle is-outline is-xlarge\"><i class=\"icon-play\" style=\"font-size:1.5em;\" ><\/i><\/a><\/div>\n              <\/div>\n           <\/div>\n                            \n<style>\n#text-box-115076265 {\n  width: 60%;\n}\n#text-box-115076265 .text-box-content {\n  font-size: 100%;\n}\n<\/style>\n    <\/div>\n \n        <\/div>\n      <\/div>\n\n            \n<style>\n#banner-262535207 {\n  padding-top: 450px;\n}\n<\/style>\n  <\/div>\n\n\n<div class=\"row\"  id=\"row-282558330\">\n\n\t<div id=\"col-1714407494\" class=\"col medium-4 small-12 large-4\"  >\n\t\t\t\t<div class=\"col-inner box-shadow-2 box-shadow-4-hover\"  >\n\t\t\t\n\t\t\t\n\n  <div class=\"banner has-hover\" id=\"banner-1548004025\">\n          <div class=\"banner-inner fill\">\n        <div class=\"banner-bg fill\" >\n            <img loading=\"lazy\" decoding=\"async\" width=\"300\" height=\"195\" src=\"https:\/\/gagadumi.com\/wp-content\/uploads\/2016\/08\/dummy-2-1-300x195.jpg\" class=\"bg attachment-medium size-medium\" alt=\"\" \/>                        <div class=\"overlay\"><\/div>            \n                    <\/div>\n\t\t\n        <div class=\"banner-layers container\">\n            <div class=\"fill banner-link\"><\/div>            \n   <div id=\"text-box-861501141\" class=\"text-box banner-layer x50 md-x50 lg-x50 y50 md-y50 lg-y50 res-text\">\n                                <div class=\"text-box-content text dark\">\n              \n              <div class=\"text-inner text-center\">\n                  \n<h3 class=\"uppercase\"><strong>Przycisk wideo<\/strong><\/h3>\n<p class=\"lead\">Dodaj przycisk wideo, kt\u00f3ry otwiera filmy z YouTube i Vimeo w dowolnym miejscu.<\/p>\n<div class=\"video-button-wrapper\" ><a href=\"https:\/\/www.youtube.com\/watch?v=f3Hh_qSkpaA\" class=\"button open-video icon circle is-outline is-xlarge\"><i class=\"icon-play\" style=\"font-size:1.5em;\" ><\/i><\/a><\/div>\n              <\/div>\n           <\/div>\n                            \n<style>\n#text-box-861501141 {\n  width: 60%;\n}\n#text-box-861501141 .text-box-content {\n  font-size: 100%;\n}\n<\/style>\n    <\/div>\n \n        <\/div>\n      <\/div>\n\n            \n<style>\n#banner-1548004025 {\n  padding-top: 450px;\n}\n#banner-1548004025 .overlay {\n  background-color: rgba(0, 0, 0, 0.52);\n}\n<\/style>\n  <\/div>\n\n\n\t\t<\/div>\n\t\t\t\t\t<\/div>\n\n\t\n\n\t<div id=\"col-959612921\" class=\"col medium-4 small-12 large-4\"  >\n\t\t\t\t<div class=\"col-inner box-shadow-2 box-shadow-4-hover\"  >\n\t\t\t\n\t\t\t\n\n  <div class=\"banner has-hover\" id=\"banner-1797794597\">\n          <div class=\"banner-inner fill\">\n        <div class=\"banner-bg fill\" >\n            <img loading=\"lazy\" decoding=\"async\" width=\"1000\" height=\"650\" src=\"https:\/\/gagadumi.com\/wp-content\/uploads\/2016\/08\/dummy-2-1.jpg\" class=\"bg attachment-large size-large\" alt=\"\" \/>                                    \n                    <\/div>\n\t\t\n        <div class=\"banner-layers container\">\n            <div class=\"fill banner-link\"><\/div>            \n   <div id=\"text-box-681704583\" class=\"text-box banner-layer x10 md-x10 lg-x10 y10 md-y10 lg-y10 res-text\">\n                                <div class=\"text-box-content text \">\n              \n              <div class=\"text-inner text-left\">\n                  \n<h3 class=\"uppercase\"><strong>Zmie\u0144 rozmiar<\/strong><\/h3>\n<p class=\"lead\">Mo\u017cesz zmieni\u0107 rozmiar na dowolny<\/p>\n<div class=\"video-button-wrapper\" style=\"font-size:202%\"><a href=\"https:\/\/www.youtube.com\/watch?v=f3Hh_qSkpaA\" class=\"button open-video icon circle is-outline is-xlarge\"><i class=\"icon-play\" style=\"font-size:1.5em;\" ><\/i><\/a><\/div>\n              <\/div>\n           <\/div>\n                            \n<style>\n#text-box-681704583 {\n  width: 60%;\n}\n#text-box-681704583 .text-box-content {\n  font-size: 100%;\n}\n<\/style>\n    <\/div>\n \n        <\/div>\n      <\/div>\n\n            \n<style>\n#banner-1797794597 {\n  padding-top: 450px;\n}\n<\/style>\n  <\/div>\n\n\n\t\t<\/div>\n\t\t\t\t\t<\/div>\n\n\t\n\n\t<div id=\"col-954500153\" class=\"col medium-4 small-12 large-4\"  >\n\t\t\t\t<div class=\"col-inner box-shadow-2 box-shadow-4-hover\"  >\n\t\t\t\n\t\t\t\n\n  <div class=\"banner has-hover bg-overlay-add\" id=\"banner-1627317921\">\n          <div class=\"banner-inner fill\">\n        <div class=\"banner-bg fill\" >\n            <img loading=\"lazy\" decoding=\"async\" width=\"1000\" height=\"650\" src=\"https:\/\/gagadumi.com\/wp-content\/uploads\/2016\/08\/dummy-2-1.jpg\" class=\"bg attachment-large size-large\" alt=\"\" \/>                        <div class=\"overlay\"><\/div>            \n                    <\/div>\n\t\t\n        <div class=\"banner-layers container\">\n            <div class=\"fill banner-link\"><\/div>            \n   <div id=\"text-box-2133291133\" class=\"text-box banner-layer x50 md-x50 lg-x50 y50 md-y50 lg-y50 res-text\">\n       <div class=\"hover-zoom-in\">                         <div class=\"text-box-content text dark\">\n              \n              <div class=\"text-inner text-center\">\n                  \n<h3 class=\"uppercase\"><strong>Poka\u017c po najechaniu<\/strong><\/h3>\n<p class=\"lead\">Wybierz spo\u015br\u00f3d r\u00f3\u017cnych efekt\u00f3w po najechaniu<\/p>\n<div class=\"video-button-wrapper\" ><a href=\"https:\/\/www.youtube.com\/watch?v=f3Hh_qSkpaA\" class=\"button open-video icon circle is-outline is-xlarge\"><i class=\"icon-play\" style=\"font-size:1.5em;\" ><\/i><\/a><\/div>\n              <\/div>\n           <\/div>\n                     <\/div>       \n<style>\n#text-box-2133291133 {\n  width: 60%;\n}\n#text-box-2133291133 .text-box-content {\n  font-size: 100%;\n}\n<\/style>\n    <\/div>\n \n        <\/div>\n      <\/div>\n\n            \n<style>\n#banner-1627317921 {\n  padding-top: 450px;\n}\n#banner-1627317921 .overlay {\n  background-color: rgba(0, 0, 0, 0.45);\n}\n<\/style>\n  <\/div>\n\n\n\t\t<\/div>\n\t\t\t\t\t<\/div>\n\n\t\n<\/div>\n","protected":false},"excerpt":{"rendered":"","protected":false},"author":1,"featured_media":511,"parent":0,"menu_order":12,"comment_status":"closed","ping_status":"closed","template":"page-blank.php","meta":{"footnotes":""},"class_list":["post-1257","page","type-page","status-publish","has-post-thumbnail","hentry"],"jetpack_sharing_enabled":true,"_links":{"self":[{"href":"https:\/\/gagadumi.com\/pl\/wp-json\/wp\/v2\/pages\/1257","targetHints":{"allow":["GET"]}}],"collection":[{"href":"https:\/\/gagadumi.com\/pl\/wp-json\/wp\/v2\/pages"}],"about":[{"href":"https:\/\/gagadumi.com\/pl\/wp-json\/wp\/v2\/types\/page"}],"author":[{"embeddable":true,"href":"https:\/\/gagadumi.com\/pl\/wp-json\/wp\/v2\/users\/1"}],"replies":[{"embeddable":true,"href":"https:\/\/gagadumi.com\/pl\/wp-json\/wp\/v2\/comments?post=1257"}],"version-history":[{"count":2,"href":"https:\/\/gagadumi.com\/pl\/wp-json\/wp\/v2\/pages\/1257\/revisions"}],"predecessor-version":[{"id":1261,"href":"https:\/\/gagadumi.com\/pl\/wp-json\/wp\/v2\/pages\/1257\/revisions\/1261"}],"wp:featuredmedia":[{"embeddable":true,"href":"https:\/\/gagadumi.com\/pl\/wp-json\/wp\/v2\/media\/511"}],"wp:attachment":[{"href":"https:\/\/gagadumi.com\/pl\/wp-json\/wp\/v2\/media?parent=1257"}],"curies":[{"name":"wp","href":"https:\/\/api.w.org\/{rel}","templated":true}]}}