{"id":1233,"date":"2016-08-09T14:09:04","date_gmt":"2016-08-09T12:09:04","guid":{"rendered":"https:\/\/gagadumi.com\/kryt-na-video\/"},"modified":"2025-08-26T13:37:04","modified_gmt":"2025-08-26T11:37:04","slug":"kryt-na-video","status":"publish","type":"page","link":"https:\/\/gagadumi.com\/sk\/","title":{"rendered":"Kryt na video"},"content":{"rendered":"\n\n  <div class=\"banner has-hover has-video sticky-section\" id=\"banner-1659752500\">\n          <div class=\"banner-inner fill\">\n        <div class=\"banner-bg fill\" >\n            <img loading=\"lazy\" decoding=\"async\" width=\"1500\" height=\"1001\" src=\"https:\/\/gagadumi.com\/wp-content\/uploads\/2025\/08\/jonas-allert-99eRQ-us59U-unsplash.jpg\" class=\"bg attachment-original size-original\" alt=\"\" \/>            \t<div class=\"video-overlay no-click fill visible\"><\/div>\n\t<video class=\"video-bg fill visible\" preload playsinline autoplay muted loop>\n\t\t<source src=\"https:\/\/gagadumi.com\/\/img\/videoSoHo.mp4\" type=\"video\/mp4\">\t<\/video>\n                        \n                    <\/div>\n\t\t\n        <div class=\"banner-layers container\">\n            <div class=\"fill banner-link\"><\/div>            \n\n   <div id=\"text-box-853255666\" class=\"text-box banner-layer x50 md-x50 lg-x50 y50 md-y50 lg-y50 res-text\">\n                                <div class=\"text-box-content text dark\">\n              \n              <div class=\"text-inner text-center\">\n                  \n\n\t<div id=\"text-1606025374\" class=\"text\">\n\t\t\n\n<h3 class=\"alt-font\">Modern\u00e9 pohodlie pre modern\u00fdch rodi\u010dov<\/h3>\n<h1 class=\"\"><strong>Vitajte v GaGaDumi, kde sa \u0161t\u00fdl stret\u00e1va s bezpe\u010dnos\u0165ou<\/strong><\/h1>\n<p class=\"lead\">Objavte pr\u00e9miov\u00e9 ko\u010d\u00edky navrhnut\u00e9 pre pohodlie, bezpe\u010dnos\u0165 a \u0161t\u00fdl. Ka\u017ed\u00fd detail je vytvoren\u00fd tak, aby u\u013eah\u010dil rodi\u010dovstvo \u2014 aby ste si mohli u\u017ei\u0165 ka\u017ed\u00fa prech\u00e1dzku so svoj\u00edm drob\u010dekom. <\/p>\n\n\t\t\n<style>\n#text-1606025374 {\n  font-size: 0.75rem;\n  color: rgb(255,255,255);\n}\n#text-1606025374 > * {\n  color: rgb(255,255,255);\n}\n@media (min-width:550px) {\n  #text-1606025374 {\n    font-size: 0.75rem;\n  }\n}\n<\/style>\n\t<\/div>\n\t\n<a data-animate=\"bounceIn\" href=\"http:\/\/nakupova\u0165\" class=\"button white is-larger\"  style=\"border-radius:5px;\">\n\t\t<span>Nakupova\u0165 teraz<\/span>\n\t<\/a>\n\n\n\n              <\/div>\n           <\/div>\n                            \n<style>\n#text-box-853255666 {\n  margin: 30px 0px 30px 0px;\n  width: 87%;\n}\n#text-box-853255666 .text-box-content {\n  font-size: 125%;\n}\n@media (min-width:550px) {\n  #text-box-853255666 {\n    width: 53%;\n  }\n  #text-box-853255666 .text-box-content {\n    font-size: 100%;\n  }\n}\n<\/style>\n    <\/div>\n \n\n        <\/div>\n      <\/div>\n\n            \n<style>\n#banner-1659752500 {\n  padding-top: 34.41%;\n  background-color: rgb(255, 255, 255);\n}\n<\/style>\n  <\/div>\n\n\n\n","protected":false},"excerpt":{"rendered":"","protected":false},"author":1,"featured_media":512,"parent":0,"menu_order":15,"comment_status":"closed","ping_status":"closed","template":"page-transparent-header-light.php","meta":{"footnotes":""},"class_list":["post-1233","page","type-page","status-publish","has-post-thumbnail","hentry"],"jetpack_sharing_enabled":true,"_links":{"self":[{"href":"https:\/\/gagadumi.com\/sk\/wp-json\/wp\/v2\/pages\/1233","targetHints":{"allow":["GET"]}}],"collection":[{"href":"https:\/\/gagadumi.com\/sk\/wp-json\/wp\/v2\/pages"}],"about":[{"href":"https:\/\/gagadumi.com\/sk\/wp-json\/wp\/v2\/types\/page"}],"author":[{"embeddable":true,"href":"https:\/\/gagadumi.com\/sk\/wp-json\/wp\/v2\/users\/1"}],"replies":[{"embeddable":true,"href":"https:\/\/gagadumi.com\/sk\/wp-json\/wp\/v2\/comments?post=1233"}],"version-history":[{"count":1,"href":"https:\/\/gagadumi.com\/sk\/wp-json\/wp\/v2\/pages\/1233\/revisions"}],"predecessor-version":[{"id":1235,"href":"https:\/\/gagadumi.com\/sk\/wp-json\/wp\/v2\/pages\/1233\/revisions\/1235"}],"wp:featuredmedia":[{"embeddable":true,"href":"https:\/\/gagadumi.com\/sk\/wp-json\/wp\/v2\/media\/512"}],"wp:attachment":[{"href":"https:\/\/gagadumi.com\/sk\/wp-json\/wp\/v2\/media?parent=1233"}],"curies":[{"name":"wp","href":"https:\/\/api.w.org\/{rel}","templated":true}]}}