{"id":912,"date":"2025-08-18T14:53:46","date_gmt":"2025-08-18T12:53:46","guid":{"rendered":"https:\/\/gagadumi.com\/for-foretag\/"},"modified":"2025-08-26T12:35:52","modified_gmt":"2025-08-26T10:35:52","slug":"for-foretag","status":"publish","type":"page","link":"https:\/\/gagadumi.com\/sv\/for-foretag\/","title":{"rendered":"F\u00f6r f\u00f6retag"},"content":{"rendered":"\n\n\n<div>\n\n\n\n\n<meta charset=\"UTF-8\">\n<meta name=\"viewport\" content=\"width=device-width, initial-scale=1.0\">\n<title>Google-karta<\/title>\n<style>\n    body {\n        margin: 0;\n        padding: 0;\n    }\n    .map-container {\n        display: flex;\n        justify-content: center;\n        align-items: center;\n        width: 100%;\n    }\n    iframe {\n        width: 100%;\n        height: 30vh; \/* 30% wysoko\u015bci okna przegl\u0105darki *\/\n        border: 0;\n    }\n<\/style>\n\n\n<div class=\"map-container\">\n    <iframe src=\"https:\/\/www.google.com\/maps\/embed?pb=!1m18!1m12!1m3!1d2483.1158036618986!2d-0.32179412312085925!3d51.5110914104333!2m3!1f0!2f0!3f0!3m2!1i1024!2i768!4f13.1!3m3!1m2!1s0x48760d864786219b%3A0x482e24aabeb9c4c4!2s158%20Uxbridge%20Rd%2C%20London%20W13%208SB%2C%20Wielka%20Brytania!5e0!3m2!1spl!2spl!4v1754982828208!5m2!1spl!2spl\" allowfullscreen=\"\" loading=\"lazy\" referrerpolicy=\"no-referrer-when-downgrade\">\n    <\/iframe>\n<\/div>\n\n\n<\/div>\n\n<div class=\"row\"  id=\"row-164035777\">\n\n\n\t<div id=\"col-30463315\" class=\"col medium-6 large-6\"  >\n\t\t\t\t<div class=\"col-inner\"  >\n\t\t\t\n\t\t\t\n\n<div class=\"container section-title-container\" ><h3 class=\"section-title section-title-normal\"><b><\/b><span class=\"section-title-main\" >Vi kanske \u00e4r en liten s\u00e4ljare, men vi t\u00e4nker stort.<\/span><b><\/b><\/h3><\/div>\n\n<h5 class=\"lead\">Vi \u00e4r inget stort f\u00f6retag som behandlar partners som siffror i ett kalkylblad.<br data-start=\"840\" data-end=\"843\">Vi \u00e4r flexibla, snabba och \u00f6ppna \u2013 vi arbetar med b\u00e5de sm\u00e5 butiker och stora \u00e5terf\u00f6rs\u00e4ljare.<br data-start=\"926\" data-end=\"929\">Vi erbjuder bra villkor, f\u00f6rstklassig kommunikation och support fr\u00e5n b\u00f6rjan till slut.<br data-start=\"1009\" data-end=\"1012\">V\u00e5rt m\u00e5l \u00e4r att f\u00e5 varje partner att k\u00e4nna att de har ett p\u00e5litligt team p\u00e5 sin sida.<br data-start=\"1091\" data-end=\"1094\">Kort sagt \u2013 att jobba med oss \u00e4r en s\u00e5 bra aff\u00e4r att butiker ofta s\u00e4ger: <em data-start=\"1164\" data-end=\"1220\" data-is-only-node=\"\">&#8221;varf\u00f6r inte ta tre barnvagnar till n\u00e4r vi \u00e4nd\u00e5 h\u00e5ller p\u00e5?&#8221;<\/em> \ud83d\ude0e<\/h5>\n<div class=\"slider-wrapper relative\" id=\"slider-1812031477\" >\n    <div class=\"slider slider-nav-circle slider-nav-large slider-nav-light slider-style-normal\"\n        data-flickity-options='{\n            \"cellAlign\": \"center\",\n            \"imagesLoaded\": true,\n            \"lazyLoad\": 1,\n            \"freeScroll\": false,\n            \"wrapAround\": true,\n            \"autoPlay\": 6000,\n            \"pauseAutoPlayOnHover\" : true,\n            \"prevNextButtons\": true,\n            \"contain\" : true,\n            \"adaptiveHeight\" : true,\n            \"dragThreshold\" : 10,\n            \"percentPosition\": true,\n            \"pageDots\": true,\n            \"rightToLeft\": false,\n            \"draggable\": true,\n            \"selectedAttraction\": 0.1,\n            \"parallax\" : 0,\n            \"friction\": 0.6        }'\n        >\n        \n\n\t<div class=\"img has-hover x md-x lg-x y md-y lg-y\" id=\"image_828315844\">\n\t\t\t\t\t\t\t\t<div class=\"img-inner dark\" >\n\t\t\t<img loading=\"lazy\" decoding=\"async\" width=\"300\" height=\"300\" src=\"https:\/\/gagadumi.com\/wp-content\/uploads\/2025\/08\/B0FG3BWQLH.MAIN_-300x300.jpg\" class=\"attachment-woocommerce_thumbnail size-woocommerce_thumbnail\" alt=\"\" srcset=\"https:\/\/gagadumi.com\/wp-content\/uploads\/2025\/08\/B0FG3BWQLH.MAIN_-300x300.jpg 300w, https:\/\/gagadumi.com\/wp-content\/uploads\/2025\/08\/B0FG3BWQLH.MAIN_-400x400.jpg 400w, https:\/\/gagadumi.com\/wp-content\/uploads\/2025\/08\/B0FG3BWQLH.MAIN_-800x800.jpg 800w, https:\/\/gagadumi.com\/wp-content\/uploads\/2025\/08\/B0FG3BWQLH.MAIN_-280x280.jpg 280w, https:\/\/gagadumi.com\/wp-content\/uploads\/2025\/08\/B0FG3BWQLH.MAIN_-768x768.jpg 768w, https:\/\/gagadumi.com\/wp-content\/uploads\/2025\/08\/B0FG3BWQLH.MAIN_-1536x1536.jpg 1536w, https:\/\/gagadumi.com\/wp-content\/uploads\/2025\/08\/B0FG3BWQLH.MAIN_-2048x2048.jpg 2048w, https:\/\/gagadumi.com\/wp-content\/uploads\/2025\/08\/B0FG3BWQLH.MAIN_-12x12.jpg 12w, https:\/\/gagadumi.com\/wp-content\/uploads\/2025\/08\/B0FG3BWQLH.MAIN_-600x600.jpg 600w, https:\/\/gagadumi.com\/wp-content\/uploads\/2025\/08\/B0FG3BWQLH.MAIN_-100x100.jpg 100w\" sizes=\"auto, (max-width: 300px) 100vw, 300px\" \/>\t\t\t\t\t\t\n\t\t\t\t\t<\/div>\n\t\t\t\t\t\t\t\t\n<style>\n#image_828315844 {\n  width: 72%;\n}\n<\/style>\n\t<\/div>\n\t\n\n\t<div class=\"img has-hover x md-x lg-x y md-y lg-y\" id=\"image_851307565\">\n\t\t\t\t\t\t\t\t<div class=\"img-inner dark\" >\n\t\t\t<img loading=\"lazy\" decoding=\"async\" width=\"800\" height=\"800\" src=\"https:\/\/gagadumi.com\/wp-content\/uploads\/2025\/05\/00-800x800.jpg\" class=\"attachment-large size-large\" alt=\"\" srcset=\"https:\/\/gagadumi.com\/wp-content\/uploads\/2025\/05\/00-800x800.jpg 800w, https:\/\/gagadumi.com\/wp-content\/uploads\/2025\/05\/00-400x400.jpg 400w, https:\/\/gagadumi.com\/wp-content\/uploads\/2025\/05\/00-280x280.jpg 280w, https:\/\/gagadumi.com\/wp-content\/uploads\/2025\/05\/00-768x768.jpg 768w, https:\/\/gagadumi.com\/wp-content\/uploads\/2025\/05\/00-1536x1536.jpg 1536w, https:\/\/gagadumi.com\/wp-content\/uploads\/2025\/05\/00-2048x2048.jpg 2048w, https:\/\/gagadumi.com\/wp-content\/uploads\/2025\/05\/00-12x12.jpg 12w, https:\/\/gagadumi.com\/wp-content\/uploads\/2025\/05\/00-300x300.jpg 300w, https:\/\/gagadumi.com\/wp-content\/uploads\/2025\/05\/00-600x600.jpg 600w, https:\/\/gagadumi.com\/wp-content\/uploads\/2025\/05\/00-100x100.jpg 100w\" sizes=\"auto, (max-width: 800px) 100vw, 800px\" \/>\t\t\t\t\t\t\n\t\t\t\t\t<\/div>\n\t\t\t\t\t\t\t\t\n<style>\n#image_851307565 {\n  width: 100%;\n}\n<\/style>\n\t<\/div>\n\t\n\n\n     <\/div>\n\n     <div class=\"loading-spin dark large centered\"><\/div>\n\n\t<\/div>\n\n\n\n\t\t<\/div>\n\t\t\t\t\t<\/div>\n\n\t\n\n\t<div id=\"col-940572637\" class=\"col medium-6 large-6\"  >\n\t\t\t\t<div class=\"col-inner\"  >\n\t\t\t\n\t\t\t\n\n<div class=\"container section-title-container\" ><h3 class=\"section-title section-title-normal\"><b><\/b><span class=\"section-title-main\" >Skicka ett e-postmeddelande till oss<\/span><b><\/b><\/h3><\/div>\n\n\n<div class=\"wpcf7 no-js\" id=\"wpcf7-f8-o1\" lang=\"en-US\" dir=\"ltr\" data-wpcf7-id=\"8\">\n<div class=\"screen-reader-response\"><p role=\"status\" aria-live=\"polite\" aria-atomic=\"true\"><\/p> <ul><\/ul><\/div>\n<form action=\"\/sv\/wp-json\/wp\/v2\/pages\/912#wpcf7-f8-o1\" method=\"post\" class=\"wpcf7-form init\" aria-label=\"Contact form\" novalidate=\"novalidate\" data-status=\"init\">\n<fieldset class=\"hidden-fields-container\"><input type=\"hidden\" name=\"_wpcf7\" value=\"8\" \/><input type=\"hidden\" name=\"_wpcf7_version\" value=\"6.1.5\" \/><input type=\"hidden\" name=\"_wpcf7_locale\" value=\"en_US\" \/><input type=\"hidden\" name=\"_wpcf7_unit_tag\" value=\"wpcf7-f8-o1\" \/><input type=\"hidden\" name=\"_wpcf7_container_post\" value=\"0\" \/><input type=\"hidden\" name=\"_wpcf7_posted_data_hash\" value=\"\" \/><input type=\"hidden\" name=\"_wpcf7_recaptcha_response\" value=\"\" \/>\n<\/fieldset>\n<p><label> Twoje imi\u0119 i nazwisko<br \/>\n<span class=\"wpcf7-form-control-wrap\" data-name=\"your-name\"><input size=\"40\" maxlength=\"400\" class=\"wpcf7-form-control wpcf7-text wpcf7-validates-as-required\" autocomplete=\"name\" aria-required=\"true\" aria-invalid=\"false\" value=\"\" type=\"text\" name=\"your-name\" \/><\/span> <\/label>\n<\/p>\n<p><label> Tw\u00f3j adres e-mail<br \/>\n<span class=\"wpcf7-form-control-wrap\" data-name=\"your-email\"><input size=\"40\" maxlength=\"400\" class=\"wpcf7-form-control wpcf7-email wpcf7-validates-as-required wpcf7-text wpcf7-validates-as-email\" autocomplete=\"email\" aria-required=\"true\" aria-invalid=\"false\" value=\"\" type=\"email\" name=\"your-email\" \/><\/span> <\/label>\n<\/p>\n<p><label> Temat<br \/>\n<span class=\"wpcf7-form-control-wrap\" data-name=\"your-subject\"><input size=\"40\" maxlength=\"400\" class=\"wpcf7-form-control wpcf7-text wpcf7-validates-as-required\" aria-required=\"true\" aria-invalid=\"false\" value=\"\" type=\"text\" name=\"your-subject\" \/><\/span> <\/label>\n<\/p>\n<p><label> Twoja wiadomo\u015bci (opcjonalne)<br \/>\n<span class=\"wpcf7-form-control-wrap\" data-name=\"your-message\"><textarea cols=\"40\" rows=\"10\" maxlength=\"2000\" class=\"wpcf7-form-control wpcf7-textarea\" aria-invalid=\"false\" name=\"your-message\"><\/textarea><\/span> <\/label>\n<\/p>\n<p><input class=\"wpcf7-form-control wpcf7-submit has-spinner\" type=\"submit\" value=\"Wy\u015blij\" \/>\n<\/p><div class=\"wpcf7-response-output\" aria-hidden=\"true\"><\/div>\n<\/form>\n<\/div>\n\n\n\n\t\t<\/div>\n\t\t\t\t\t<\/div>\n\n\t\n\n<\/div>\n\n","protected":false},"excerpt":{"rendered":"","protected":false},"author":1,"featured_media":0,"parent":0,"menu_order":0,"comment_status":"closed","ping_status":"closed","template":"","meta":{"footnotes":""},"class_list":["post-912","page","type-page","status-publish","hentry"],"jetpack_sharing_enabled":true,"_links":{"self":[{"href":"https:\/\/gagadumi.com\/sv\/wp-json\/wp\/v2\/pages\/912","targetHints":{"allow":["GET"]}}],"collection":[{"href":"https:\/\/gagadumi.com\/sv\/wp-json\/wp\/v2\/pages"}],"about":[{"href":"https:\/\/gagadumi.com\/sv\/wp-json\/wp\/v2\/types\/page"}],"author":[{"embeddable":true,"href":"https:\/\/gagadumi.com\/sv\/wp-json\/wp\/v2\/users\/1"}],"replies":[{"embeddable":true,"href":"https:\/\/gagadumi.com\/sv\/wp-json\/wp\/v2\/comments?post=912"}],"version-history":[{"count":1,"href":"https:\/\/gagadumi.com\/sv\/wp-json\/wp\/v2\/pages\/912\/revisions"}],"predecessor-version":[{"id":913,"href":"https:\/\/gagadumi.com\/sv\/wp-json\/wp\/v2\/pages\/912\/revisions\/913"}],"wp:attachment":[{"href":"https:\/\/gagadumi.com\/sv\/wp-json\/wp\/v2\/media?parent=912"}],"curies":[{"name":"wp","href":"https:\/\/api.w.org\/{rel}","templated":true}]}}